{"id":271,"date":"2024-02-09T10:47:51","date_gmt":"2024-02-09T10:47:51","guid":{"rendered":"https:\/\/incontrolbn.mk\/?page_id=271"},"modified":"2024-04-03T16:50:49","modified_gmt":"2024-04-03T16:50:49","slug":"partneri","status":"publish","type":"page","link":"https:\/\/incontrolbn.mk\/sq\/partneri\/","title":{"rendered":"Partner\u00ebt"},"content":{"rendered":"<div data-elementor-type=\"wp-page\" data-elementor-id=\"271\" class=\"elementor elementor-271\" data-elementor-post-type=\"page\">\n\t\t\t\t\t\t<section class=\"elementor-section elementor-top-section elementor-element elementor-element-2024daa elementor-section-full_width elementor-section-height-default elementor-section-height-default\" data-id=\"2024daa\" data-element_type=\"section\" data-e-type=\"section\">\n\t\t\t\t\t\t<div class=\"elementor-container elementor-column-gap-no\">\n\t\t\t\t\t<div class=\"elementor-column elementor-col-100 elementor-top-column elementor-element elementor-element-cbdd397\" data-id=\"cbdd397\" data-element_type=\"column\" data-e-type=\"column\" data-settings=\"{&quot;background_background&quot;:&quot;classic&quot;}\">\n\t\t\t<div class=\"elementor-widget-wrap elementor-element-populated\">\n\t\t\t\t\t\t<section class=\"elementor-section elementor-inner-section elementor-element elementor-element-da8d946 elementor-section-height-min-height elementor-section-content-middle elementor-section-boxed elementor-section-height-default\" data-id=\"da8d946\" data-element_type=\"section\" data-e-type=\"section\" data-settings=\"{&quot;background_background&quot;:&quot;classic&quot;}\">\n\t\t\t\t\t\t<div class=\"elementor-container elementor-column-gap-no\">\n\t\t\t\t\t<div class=\"elementor-column elementor-col-100 elementor-inner-column elementor-element elementor-element-0efd183\" data-id=\"0efd183\" data-element_type=\"column\" data-e-type=\"column\">\n\t\t\t<div class=\"elementor-widget-wrap elementor-element-populated\">\n\t\t\t\t\t\t<div class=\"elementor-element elementor-element-4939233 elementor-widget__width-auto elementor-absolute premium-floating-effects-yes elementor-widget elementor-widget-image\" data-id=\"4939233\" data-element_type=\"widget\" data-e-type=\"widget\" data-settings=\"{&quot;_position&quot;:&quot;absolute&quot;,&quot;premium_fe_translate_switcher&quot;:&quot;yes&quot;,&quot;premium_fe_Xtranslate&quot;:{&quot;unit&quot;:&quot;px&quot;,&quot;size&quot;:&quot;&quot;,&quot;sizes&quot;:{&quot;from&quot;:0,&quot;to&quot;:3}},&quot;premium_fe_Ytranslate&quot;:{&quot;unit&quot;:&quot;px&quot;,&quot;size&quot;:&quot;&quot;,&quot;sizes&quot;:{&quot;from&quot;:0,&quot;to&quot;:3}},&quot;premium_fe_trans_duration&quot;:{&quot;unit&quot;:&quot;px&quot;,&quot;size&quot;:1000,&quot;sizes&quot;:[]},&quot;premium_fe_trans_delay&quot;:{&quot;unit&quot;:&quot;px&quot;,&quot;size&quot;:&quot;&quot;,&quot;sizes&quot;:[]},&quot;premium_fe_direction&quot;:&quot;alternate&quot;,&quot;premium_fe_loop&quot;:&quot;default&quot;,&quot;premium_fe_easing&quot;:&quot;easeInOutSine&quot;}\" data-widget_type=\"image.default\">\n\t\t\t\t<div class=\"elementor-widget-container\">\n\t\t\t\t\t\t\t\t\t\t\t\t\t\t\t<img decoding=\"async\" width=\"32\" height=\"35\" src=\"https:\/\/incontrolbn.mk\/wp-content\/uploads\/2024\/02\/sub-banner-3d-cross.png\" class=\"attachment-full size-full wp-image-72\" alt=\"\" \/>\t\t\t\t\t\t\t\t\t\t\t\t\t\t\t<\/div>\n\t\t\t\t<\/div>\n\t\t\t\t<div class=\"elementor-element elementor-element-ce03b91 elementor-widget__width-auto elementor-absolute premium-floating-effects-yes elementor-widget elementor-widget-image\" data-id=\"ce03b91\" data-element_type=\"widget\" data-e-type=\"widget\" data-settings=\"{&quot;_position&quot;:&quot;absolute&quot;,&quot;premium_fe_translate_switcher&quot;:&quot;yes&quot;,&quot;premium_fe_Xtranslate&quot;:{&quot;unit&quot;:&quot;px&quot;,&quot;size&quot;:&quot;&quot;,&quot;sizes&quot;:{&quot;from&quot;:0,&quot;to&quot;:3}},&quot;premium_fe_Ytranslate&quot;:{&quot;unit&quot;:&quot;px&quot;,&quot;size&quot;:&quot;&quot;,&quot;sizes&quot;:{&quot;from&quot;:0,&quot;to&quot;:3}},&quot;premium_fe_trans_duration&quot;:{&quot;unit&quot;:&quot;px&quot;,&quot;size&quot;:1000,&quot;sizes&quot;:[]},&quot;premium_fe_trans_delay&quot;:{&quot;unit&quot;:&quot;px&quot;,&quot;size&quot;:&quot;&quot;,&quot;sizes&quot;:[]},&quot;premium_fe_direction&quot;:&quot;alternate&quot;,&quot;premium_fe_loop&quot;:&quot;default&quot;,&quot;premium_fe_easing&quot;:&quot;easeInOutSine&quot;}\" data-widget_type=\"image.default\">\n\t\t\t\t<div class=\"elementor-widget-container\">\n\t\t\t\t\t\t\t\t\t\t\t\t\t\t\t<img decoding=\"async\" width=\"26\" height=\"27\" src=\"https:\/\/incontrolbn.mk\/wp-content\/uploads\/2024\/02\/sub-banner-3d-circle.png\" class=\"attachment-full size-full wp-image-74\" alt=\"\" \/>\t\t\t\t\t\t\t\t\t\t\t\t\t\t\t<\/div>\n\t\t\t\t<\/div>\n\t\t\t\t<div class=\"elementor-element elementor-element-76926be elementor-widget elementor-widget-heading\" data-id=\"76926be\" data-element_type=\"widget\" data-e-type=\"widget\" data-widget_type=\"heading.default\">\n\t\t\t\t<div class=\"elementor-widget-container\">\n\t\t\t\t\t<h1 class=\"elementor-heading-title elementor-size-default\">Partner\u00ebt<\/h1>\t\t\t\t<\/div>\n\t\t\t\t<\/div>\n\t\t\t\t<div class=\"elementor-element elementor-element-2295b93 premium-type-row elementor-widget__width-auto elementor-widget elementor-widget-premium-icon-list\" data-id=\"2295b93\" data-element_type=\"widget\" data-e-type=\"widget\" data-settings=\"{&quot;rbadges_repeater&quot;:[]}\" data-widget_type=\"premium-icon-list.default\">\n\t\t\t\t<div class=\"elementor-widget-container\">\n\t\t\t\t\t\t\t\t<ul class=\"premium-bullet-list-box\">\r\n\t\t\r\n\t\t\t<li class=\"premium-bullet-list-content elementor-repeater-item-01a2a56\">\r\n\t\t\t\t<div class=\"premium-bullet-list-text\">\r\n\t\t\t\t\t\t\t\t<div class=\"premium-bullet-list-wrapper\">\r\n\t\t\t\t\t<div class=\"premium-drawable-icon\"><svg class=\"premium-svg-nodraw e-font-icon-svg e-fas-angle-double-right\" aria-hidden=\"true\" viewbox=\"0 0 448 512\" xmlns=\"http:\/\/www.w3.org\/2000\/svg\"><path d=\"M224.3 273l-136 136c-9.4 9.4-24.6 9.4-33.9 0l-22.6-22.6c-9.4-9.4-9.4-24.6 0-33.9l96.4-96.4-96.4-96.4c-9.4-9.4-9.4-24.6 0-33.9L54.3 103c9.4-9.4 24.6-9.4 33.9 0l136 136c9.5 9.4 9.5 24.6.1 34zm192-34l-136-136c-9.4-9.4-24.6-9.4-33.9 0l-22.6 22.6c-9.4 9.4-9.4 24.6 0 33.9l96.4 96.4-96.4 96.4c-9.4 9.4-9.4 24.6 0 33.9l22.6 22.6c9.4 9.4 24.6 9.4 33.9 0l136-136c9.4-9.2 9.4-24.4 0-33.8z\"><\/path><\/svg><\/div>\t\t\t\t<\/div>\r\n\t\t\t\t\t\t\t\t<div class=\"premium-bullet-list-text-wrapper\">\r\n\t\t\t\t\t<span class=\"premium-bullet-text\" data-text=\"\u041f\u043e\u0447\u0435\u0442\u043d\u0430\"> N\u00eb sht\u00ebpi <\/span>\t\t\t\t\t\t\t\t\t<\/div>\r\n\t\t\t\t<\/div>\r\n\r\n\t\t\t\t\r\n\t\t\t\t\r\n\t\t\t<\/li>\r\n\r\n\t\t\t\t\r\n\t\t\t<li class=\"premium-bullet-list-content elementor-repeater-item-14e55fb\">\r\n\t\t\t\t<div class=\"premium-bullet-list-text\">\r\n\t\t\t\t\t\t\t\t<div class=\"premium-bullet-list-text-wrapper\">\r\n\t\t\t\t\t<span class=\"premium-bullet-text\" data-text=\"\u041f\u0430\u0440\u0442\u043d\u0435\u0440\u0438\"> Partner\u00ebt <\/span>\t\t\t\t\t\t\t\t\t<\/div>\r\n\t\t\t\t<\/div>\r\n\r\n\t\t\t\t\r\n\t\t\t\t\t\t\t\t\t<a class=\"premium-bullet-list-link\" aria-label=\"Partner\u00ebt\" href=\"#\">\r\n\t\t\t\t\t\t<span>Partner\u00ebt<\/span>\r\n\t\t\t\t\t<\/a>\r\n\t\t\t\t\r\n\t\t\t<\/li>\r\n\r\n\t\t\t\t\t\t<\/ul>\r\n\t\t\t\t\t\t<\/div>\n\t\t\t\t<\/div>\n\t\t\t\t\t<\/div>\n\t\t<\/div>\n\t\t\t\t\t<\/div>\n\t\t<\/section>\n\t\t\t\t<div class=\"elementor-element elementor-element-d3cc3d0 elementor-widget__width-auto elementor-absolute elementor-hidden-tablet elementor-hidden-mobile premium-floating-effects-yes elementor-invisible elementor-widget elementor-widget-image\" data-id=\"d3cc3d0\" data-element_type=\"widget\" data-e-type=\"widget\" data-settings=\"{&quot;_position&quot;:&quot;absolute&quot;,&quot;_animation&quot;:&quot;bounceIn&quot;,&quot;premium_fe_translate_switcher&quot;:&quot;yes&quot;,&quot;premium_fe_Xtranslate&quot;:{&quot;unit&quot;:&quot;px&quot;,&quot;size&quot;:&quot;&quot;,&quot;sizes&quot;:{&quot;from&quot;:-6,&quot;to&quot;:1}},&quot;premium_fe_Ytranslate&quot;:{&quot;unit&quot;:&quot;px&quot;,&quot;size&quot;:&quot;&quot;,&quot;sizes&quot;:{&quot;from&quot;:0,&quot;to&quot;:1}},&quot;premium_fe_trans_duration&quot;:{&quot;unit&quot;:&quot;px&quot;,&quot;size&quot;:1000,&quot;sizes&quot;:[]},&quot;premium_fe_trans_delay&quot;:{&quot;unit&quot;:&quot;px&quot;,&quot;size&quot;:&quot;&quot;,&quot;sizes&quot;:[]},&quot;premium_fe_direction&quot;:&quot;alternate&quot;,&quot;premium_fe_loop&quot;:&quot;default&quot;,&quot;premium_fe_easing&quot;:&quot;easeInOutSine&quot;}\" data-widget_type=\"image.default\">\n\t\t\t\t<div class=\"elementor-widget-container\">\n\t\t\t\t\t\t\t\t\t\t\t\t\t\t\t<img fetchpriority=\"high\" decoding=\"async\" width=\"227\" height=\"273\" src=\"https:\/\/incontrolbn.mk\/wp-content\/uploads\/2024\/02\/left-circle-hero.png\" class=\"attachment-full size-full wp-image-37\" alt=\"\" \/>\t\t\t\t\t\t\t\t\t\t\t\t\t\t\t<\/div>\n\t\t\t\t<\/div>\n\t\t\t\t<div class=\"elementor-element elementor-element-232fa1a elementor-absolute premium-floating-effects-yes elementor-widget elementor-widget-image\" data-id=\"232fa1a\" data-element_type=\"widget\" data-e-type=\"widget\" data-settings=\"{&quot;_position&quot;:&quot;absolute&quot;,&quot;premium_fe_direction&quot;:&quot;alternate&quot;,&quot;premium_fe_loop&quot;:&quot;default&quot;,&quot;premium_fe_easing&quot;:&quot;easeInOutSine&quot;}\" data-widget_type=\"image.default\">\n\t\t\t\t<div class=\"elementor-widget-container\">\n\t\t\t\t\t\t\t\t\t\t\t\t\t\t\t<img loading=\"lazy\" decoding=\"async\" width=\"1148\" height=\"514\" src=\"https:\/\/incontrolbn.mk\/wp-content\/uploads\/2024\/02\/sub-banner-dot-vector.png\" class=\"attachment-full size-full wp-image-75\" alt=\"\" srcset=\"https:\/\/incontrolbn.mk\/wp-content\/uploads\/2024\/02\/sub-banner-dot-vector.png 1148w, https:\/\/incontrolbn.mk\/wp-content\/uploads\/2024\/02\/sub-banner-dot-vector-300x134.png 300w, https:\/\/incontrolbn.mk\/wp-content\/uploads\/2024\/02\/sub-banner-dot-vector-1024x458.png 1024w, https:\/\/incontrolbn.mk\/wp-content\/uploads\/2024\/02\/sub-banner-dot-vector-768x344.png 768w\" sizes=\"(max-width: 1148px) 100vw, 1148px\" \/>\t\t\t\t\t\t\t\t\t\t\t\t\t\t\t<\/div>\n\t\t\t\t<\/div>\n\t\t\t\t\t<\/div>\n\t\t<\/div>\n\t\t\t\t\t<\/div>\n\t\t<\/section>\n\t\t<div class=\"elementor-element elementor-element-57e47f7 e-flex e-con-boxed e-con e-parent\" data-id=\"57e47f7\" data-element_type=\"container\" data-e-type=\"container\">\n\t\t\t\t\t<div class=\"e-con-inner\">\n\t\t<div class=\"elementor-element elementor-element-1584bb7 e-con-full e-flex e-con e-child\" data-id=\"1584bb7\" data-element_type=\"container\" data-e-type=\"container\">\n\t\t\t\t<div class=\"elementor-element elementor-element-ada521a elementor-flip-box--effect-flip elementor-flip-box--direction-up elementor-widget elementor-widget-flip-box\" data-id=\"ada521a\" data-element_type=\"widget\" data-e-type=\"widget\" data-widget_type=\"flip-box.default\">\n\t\t\t\t<div class=\"elementor-widget-container\">\n\t\t\t\t\t\t\t<div class=\"elementor-flip-box\" tabindex=\"0\">\n\t\t\t<div class=\"elementor-flip-box__layer elementor-flip-box__front\">\n\t\t\t\t<div class=\"elementor-flip-box__layer__overlay\">\n\t\t\t\t\t<div class=\"elementor-flip-box__layer__inner\">\n\t\t\t\t\t\t\t\t\t\t\t\t\t<div class=\"elementor-flip-box__image\">\n\t\t\t\t\t\t\t\t<img loading=\"lazy\" decoding=\"async\" width=\"200\" height=\"117\" src=\"https:\/\/incontrolbn.mk\/wp-content\/uploads\/2024\/02\/NOARK.png\" class=\"attachment-full size-full wp-image-802\" alt=\"\" \/>\t\t\t\t\t\t\t<\/div>\n\t\t\t\t\t\t\n\t\t\t\t\t\t\n\t\t\t\t\t\t\t\t\t\t\t\t\t<div class=\"elementor-flip-box__layer__description\">\n\t\t\t\t\t\t\t\tNOARK NOARK Electric \u00ebsht\u00eb nj\u00eb furnizues global i komponent\u00ebve elektrik\u00eb me tension t\u00eb ul\u00ebt p\u00ebr industrit\u00eb e prodhimit special dhe kompania jon\u00eb \u00ebsht\u00eb p\u00ebrfaq\u00ebsuesi i p\u00ebrgjithsh\u00ebm p\u00ebr Maqedonin\u00eb.\t\t\t\t\t\t\t<\/div>\n\t\t\t\t\t\t\t\t\t\t\t<\/div>\n\t\t\t\t<\/div>\n\t\t\t<\/div>\n\t\t\t<div class=\"elementor-flip-box__layer elementor-flip-box__back\">\n\t\t\t<div class=\"elementor-flip-box__layer__overlay\">\n\t\t\t\t<div class=\"elementor-flip-box__layer__inner\">\n\t\t\t\t\t\t\t\t\t\t\t<h3 class=\"elementor-flip-box__layer__title\">\n\t\t\t\t\t\t\tNOARK Elektrike\t\t\t\t\t\t<\/h3>\n\t\t\t\t\t\n\t\t\t\t\t\t\t\t\t\t\t<div class=\"elementor-flip-box__layer__description\">\n\t\t\t\t\t\t\tNOARK NOARK Electric \u00ebsht\u00eb nj\u00eb furnizues global i komponent\u00ebve elektrik\u00eb me tension t\u00eb ul\u00ebt p\u00ebr industrit\u00eb e prodhimit special dhe kompania jon\u00eb \u00ebsht\u00eb p\u00ebrfaq\u00ebsuesi i p\u00ebrgjithsh\u00ebm p\u00ebr Maqedonin\u00eb.\t\t\t\t\t\t<\/div>\n\t\t\t\t\t\n\t\t\t\t\t\t\t\t\t\t\t<a class=\"elementor-flip-box__button elementor-button elementor-size-sm\" href=\"https:\/\/incontrolbn.mk\/sq\/partneri\/noark-electric\/\">\n\t\t\t\t\t\t\tM\u00cb SHUM\u00cb..\t\t\t\t\t\t<\/a>\n\t\t\t\t\t\t\t\t<\/div>\n\t\t<\/div>\n\t\t<\/div>\n\t\t<\/div>\n\t\t\t\t\t\t<\/div>\n\t\t\t\t<\/div>\n\t\t\t\t<\/div>\n\t\t<div class=\"elementor-element elementor-element-92abd9a e-con-full e-flex e-con e-child\" data-id=\"92abd9a\" data-element_type=\"container\" data-e-type=\"container\">\n\t\t\t\t<div class=\"elementor-element elementor-element-fb27cf7 elementor-flip-box--effect-flip elementor-flip-box--direction-up elementor-widget elementor-widget-flip-box\" data-id=\"fb27cf7\" data-element_type=\"widget\" data-e-type=\"widget\" data-widget_type=\"flip-box.default\">\n\t\t\t\t<div class=\"elementor-widget-container\">\n\t\t\t\t\t\t\t<div class=\"elementor-flip-box\" tabindex=\"0\">\n\t\t\t<div class=\"elementor-flip-box__layer elementor-flip-box__front\">\n\t\t\t\t<div class=\"elementor-flip-box__layer__overlay\">\n\t\t\t\t\t<div class=\"elementor-flip-box__layer__inner\">\n\t\t\t\t\t\t\t\t\t\t\t\t\t<div class=\"elementor-flip-box__image\">\n\t\t\t\t\t\t\t\t<img loading=\"lazy\" decoding=\"async\" width=\"200\" height=\"117\" src=\"https:\/\/incontrolbn.mk\/wp-content\/uploads\/2024\/02\/logo-2.jpg\" class=\"attachment-full size-full wp-image-734\" alt=\"\" \/>\t\t\t\t\t\t\t<\/div>\n\t\t\t\t\t\t\n\t\t\t\t\t\t\n\t\t\t\t\t\t\t\t\t\t\t\t\t<div class=\"elementor-flip-box__layer__description\">\n\t\t\t\t\t\t\t\tOTTAVI \u00ebsht\u00eb nj\u00eb prodhues italian i transformator\u00ebve t\u00eb that\u00eb, transformator\u00ebve me humbje ekologjike dhe transformator\u00ebve me vaj dhe kompania jon\u00eb \u00ebsht\u00eb p\u00ebrfaq\u00ebsuesi i p\u00ebrgjithsh\u00ebm p\u00ebr Ballkanin\n\n\t\t\t\t\t\t\t<\/div>\n\t\t\t\t\t\t\t\t\t\t\t<\/div>\n\t\t\t\t<\/div>\n\t\t\t<\/div>\n\t\t\t<div class=\"elementor-flip-box__layer elementor-flip-box__back\">\n\t\t\t<div class=\"elementor-flip-box__layer__overlay\">\n\t\t\t\t<div class=\"elementor-flip-box__layer__inner\">\n\t\t\t\t\t\t\t\t\t\t\t<h3 class=\"elementor-flip-box__layer__title\">\n\t\t\t\t\t\t\tOTTAVI  \t\t\t\t\t\t<\/h3>\n\t\t\t\t\t\n\t\t\t\t\t\t\t\t\t\t\t<div class=\"elementor-flip-box__layer__description\">\n\t\t\t\t\t\t\tOTTAVI \u00ebsht\u00eb nj\u00eb prodhues italian i transformator\u00ebve t\u00eb that\u00eb, transformator\u00ebve me humbje ekologjike dhe transformator\u00ebve me vaj dhe kompania jon\u00eb \u00ebsht\u00eb p\u00ebrfaq\u00ebsuesi i p\u00ebrgjithsh\u00ebm p\u00ebr Ballkanin\t\t\t\t\t\t<\/div>\n\t\t\t\t\t\n\t\t\t\t\t\t\t\t\t\t\t<a class=\"elementor-flip-box__button elementor-button elementor-size-sm\" href=\"https:\/\/incontrolbn.mk\/sq\/partneri\/ottavi-srl\/\">\n\t\t\t\t\t\t\tM\u00cb SHUM\u00cb..\t\t\t\t\t\t<\/a>\n\t\t\t\t\t\t\t\t<\/div>\n\t\t<\/div>\n\t\t<\/div>\n\t\t<\/div>\n\t\t\t\t\t\t<\/div>\n\t\t\t\t<\/div>\n\t\t\t\t<\/div>\n\t\t\t\t\t<\/div>\n\t\t\t\t<\/div>\n\t\t\t\t<\/div>","protected":false},"excerpt":{"rendered":"<p>\u041f\u043e\u0447\u0435\u0442\u043d\u0430 \u041f\u0430\u0440\u0442\u043d\u0435\u0440\u0438 \u041f\u0430\u0440\u0442\u043d\u0435\u0440\u0438 NOARK Electric \u0435 \u0433\u043b\u043e\u0431\u0430\u043b\u0435\u043d \u0441\u043d\u0430\u0431\u0434\u0443\u0432\u0430\u0447 \u043d\u0430 \u043d\u0438\u0441\u043a\u043e\u043d\u0430\u043f\u043e\u043d\u0441\u043a\u0438 \u0435\u043b\u0435\u043a\u0442\u0440\u0438\u0447\u043d\u0438 \u043a\u043e\u043c\u043f\u043e\u043d\u0435\u043d\u0442\u0438 \u0437\u0430 \u0441\u043f\u0435\u0446\u0438\u0458\u0430\u043b\u043d\u0438 \u043f\u0440\u043e\u0438\u0437\u0432\u043e\u0434\u0441\u0442\u0432\u0435\u043d\u0438 \u0438\u043d\u0434\u0443\u0441\u0442\u0440\u0438\u0438 \u0438 \u043d\u0430\u0448\u0430\u0442\u0430 \u0444\u0438\u0440\u043c\u0430 \u0435 \u0433\u0435\u043d\u0435\u0440\u0430\u043b\u0435\u043d \u0437\u0430\u0441\u0442\u0430\u043f\u043d\u0438\u043a \u0437\u0430 \u041c\u0430\u043a\u0435\u0434\u043e\u043d\u0438\u0458\u0430 NOARK Electric NOARK Electric \u0435 \u0433\u043b\u043e\u0431\u0430\u043b\u0435\u043d \u0441\u043d\u0430\u0431\u0434\u0443\u0432\u0430\u0447 \u043d\u0430 \u043d\u0438\u0441\u043a\u043e\u043d\u0430\u043f\u043e\u043d\u0441\u043a\u0438 \u0435\u043b\u0435\u043a\u0442\u0440\u0438\u0447\u043d\u0438 \u043a\u043e\u043c\u043f\u043e\u043d\u0435\u043d\u0442\u0438 \u0437\u0430 \u0441\u043f\u0435\u0446\u0438\u0458\u0430\u043b\u043d\u0438 \u043f\u0440\u043e\u0438\u0437\u0432\u043e\u0434\u0441\u0442\u0432\u0435\u043d\u0438 \u0438\u043d\u0434\u0443\u0441\u0442\u0440\u0438\u0438 \u0438 \u043d\u0430\u0448\u0430\u0442\u0430 \u0444\u0438\u0440\u043c\u0430 \u0435 \u0433\u0435\u043d\u0435\u0440\u0430\u043b\u0435\u043d \u0437\u0430\u0441\u0442\u0430\u043f\u043d\u0438\u043a \u0437\u0430 \u041c\u0430\u043a\u0435\u0434\u043e\u043d\u0438\u0458\u0430 \u041f\u041e\u0412\u0415\u040c\u0415 OTTAVI \u0435 \u0438\u0442\u0430\u043b\u0438\u0458\u0430\u043d\u0441\u043a\u0438 \u043f\u0440\u043e\u0438\u0437\u0432\u043e\u0434\u0438\u0442\u0435\u043b \u0437\u0430 \u0441\u0443\u0432\u0438 \u0442\u0440\u0430\u0441\u0444\u043e\u0440\u043c\u0430\u0442\u043e\u0440\u0438, [&hellip;]<\/p>","protected":false},"author":1,"featured_media":1217,"parent":0,"menu_order":0,"comment_status":"closed","ping_status":"closed","template":"elementor_header_footer","meta":{"footnotes":""},"class_list":["post-271","page","type-page","status-publish","has-post-thumbnail","hentry"],"_links":{"self":[{"href":"https:\/\/incontrolbn.mk\/sq\/wp-json\/wp\/v2\/pages\/271","targetHints":{"allow":["GET"]}}],"collection":[{"href":"https:\/\/incontrolbn.mk\/sq\/wp-json\/wp\/v2\/pages"}],"about":[{"href":"https:\/\/incontrolbn.mk\/sq\/wp-json\/wp\/v2\/types\/page"}],"author":[{"embeddable":true,"href":"https:\/\/incontrolbn.mk\/sq\/wp-json\/wp\/v2\/users\/1"}],"replies":[{"embeddable":true,"href":"https:\/\/incontrolbn.mk\/sq\/wp-json\/wp\/v2\/comments?post=271"}],"version-history":[{"count":0,"href":"https:\/\/incontrolbn.mk\/sq\/wp-json\/wp\/v2\/pages\/271\/revisions"}],"wp:featuredmedia":[{"embeddable":true,"href":"https:\/\/incontrolbn.mk\/sq\/wp-json\/wp\/v2\/media\/1217"}],"wp:attachment":[{"href":"https:\/\/incontrolbn.mk\/sq\/wp-json\/wp\/v2\/media?parent=271"}],"curies":[{"name":"wp","href":"https:\/\/api.w.org\/{rel}","templated":true}]}}