{"id":266,"date":"2024-02-09T10:47:12","date_gmt":"2024-02-09T10:47:12","guid":{"rendered":"https:\/\/incontrolbn.mk\/?page_id=266"},"modified":"2024-04-03T16:45:21","modified_gmt":"2024-04-03T16:45:21","slug":"za-nas","status":"publish","type":"page","link":"https:\/\/incontrolbn.mk\/sq\/za-nas\/","title":{"rendered":"P\u00ebr ne"},"content":{"rendered":"<div data-elementor-type=\"wp-page\" data-elementor-id=\"266\" class=\"elementor elementor-266\" data-elementor-post-type=\"page\">\n\t\t\t\t\t\t<section class=\"elementor-section elementor-top-section elementor-element elementor-element-5efb27c elementor-section-full_width elementor-section-height-default elementor-section-height-default\" data-id=\"5efb27c\" data-element_type=\"section\" data-e-type=\"section\">\n\t\t\t\t\t\t<div class=\"elementor-container elementor-column-gap-no\">\n\t\t\t\t\t<div class=\"elementor-column elementor-col-100 elementor-top-column elementor-element elementor-element-1adfe46\" data-id=\"1adfe46\" data-element_type=\"column\" data-e-type=\"column\" data-settings=\"{&quot;background_background&quot;:&quot;classic&quot;}\">\n\t\t\t<div class=\"elementor-widget-wrap elementor-element-populated\">\n\t\t\t\t\t\t<section class=\"elementor-section elementor-inner-section elementor-element elementor-element-deac473 elementor-section-height-min-height elementor-section-content-middle elementor-section-boxed elementor-section-height-default\" data-id=\"deac473\" data-element_type=\"section\" data-e-type=\"section\" data-settings=\"{&quot;background_background&quot;:&quot;classic&quot;}\">\n\t\t\t\t\t\t<div class=\"elementor-container elementor-column-gap-no\">\n\t\t\t\t\t<div class=\"elementor-column elementor-col-100 elementor-inner-column elementor-element elementor-element-695a355\" data-id=\"695a355\" data-element_type=\"column\" data-e-type=\"column\">\n\t\t\t<div class=\"elementor-widget-wrap elementor-element-populated\">\n\t\t\t\t\t\t<div class=\"elementor-element elementor-element-a28e1e2 elementor-widget__width-auto elementor-absolute premium-floating-effects-yes elementor-widget elementor-widget-image\" data-id=\"a28e1e2\" data-element_type=\"widget\" data-e-type=\"widget\" data-settings=\"{&quot;_position&quot;:&quot;absolute&quot;,&quot;premium_fe_translate_switcher&quot;:&quot;yes&quot;,&quot;premium_fe_Xtranslate&quot;:{&quot;unit&quot;:&quot;px&quot;,&quot;size&quot;:&quot;&quot;,&quot;sizes&quot;:{&quot;from&quot;:0,&quot;to&quot;:3}},&quot;premium_fe_Ytranslate&quot;:{&quot;unit&quot;:&quot;px&quot;,&quot;size&quot;:&quot;&quot;,&quot;sizes&quot;:{&quot;from&quot;:0,&quot;to&quot;:3}},&quot;premium_fe_trans_duration&quot;:{&quot;unit&quot;:&quot;px&quot;,&quot;size&quot;:1000,&quot;sizes&quot;:[]},&quot;premium_fe_trans_delay&quot;:{&quot;unit&quot;:&quot;px&quot;,&quot;size&quot;:&quot;&quot;,&quot;sizes&quot;:[]},&quot;premium_fe_direction&quot;:&quot;alternate&quot;,&quot;premium_fe_loop&quot;:&quot;default&quot;,&quot;premium_fe_easing&quot;:&quot;easeInOutSine&quot;}\" data-widget_type=\"image.default\">\n\t\t\t\t<div class=\"elementor-widget-container\">\n\t\t\t\t\t\t\t\t\t\t\t\t\t\t\t<img decoding=\"async\" width=\"32\" height=\"35\" src=\"https:\/\/incontrolbn.mk\/wp-content\/uploads\/2024\/02\/sub-banner-3d-cross.png\" class=\"attachment-full size-full wp-image-72\" alt=\"\" \/>\t\t\t\t\t\t\t\t\t\t\t\t\t\t\t<\/div>\n\t\t\t\t<\/div>\n\t\t\t\t<div class=\"elementor-element elementor-element-e3dca25 elementor-widget__width-auto elementor-absolute premium-floating-effects-yes elementor-widget elementor-widget-image\" data-id=\"e3dca25\" data-element_type=\"widget\" data-e-type=\"widget\" data-settings=\"{&quot;_position&quot;:&quot;absolute&quot;,&quot;premium_fe_translate_switcher&quot;:&quot;yes&quot;,&quot;premium_fe_Xtranslate&quot;:{&quot;unit&quot;:&quot;px&quot;,&quot;size&quot;:&quot;&quot;,&quot;sizes&quot;:{&quot;from&quot;:0,&quot;to&quot;:3}},&quot;premium_fe_Ytranslate&quot;:{&quot;unit&quot;:&quot;px&quot;,&quot;size&quot;:&quot;&quot;,&quot;sizes&quot;:{&quot;from&quot;:0,&quot;to&quot;:3}},&quot;premium_fe_trans_duration&quot;:{&quot;unit&quot;:&quot;px&quot;,&quot;size&quot;:1000,&quot;sizes&quot;:[]},&quot;premium_fe_trans_delay&quot;:{&quot;unit&quot;:&quot;px&quot;,&quot;size&quot;:&quot;&quot;,&quot;sizes&quot;:[]},&quot;premium_fe_direction&quot;:&quot;alternate&quot;,&quot;premium_fe_loop&quot;:&quot;default&quot;,&quot;premium_fe_easing&quot;:&quot;easeInOutSine&quot;}\" data-widget_type=\"image.default\">\n\t\t\t\t<div class=\"elementor-widget-container\">\n\t\t\t\t\t\t\t\t\t\t\t\t\t\t\t<img decoding=\"async\" width=\"26\" height=\"27\" src=\"https:\/\/incontrolbn.mk\/wp-content\/uploads\/2024\/02\/sub-banner-3d-circle.png\" class=\"attachment-full size-full wp-image-74\" alt=\"\" \/>\t\t\t\t\t\t\t\t\t\t\t\t\t\t\t<\/div>\n\t\t\t\t<\/div>\n\t\t\t\t<div class=\"elementor-element elementor-element-d981a93 elementor-widget elementor-widget-heading\" data-id=\"d981a93\" data-element_type=\"widget\" data-e-type=\"widget\" data-widget_type=\"heading.default\">\n\t\t\t\t<div class=\"elementor-widget-container\">\n\t\t\t\t\t<h1 class=\"elementor-heading-title elementor-size-default\">P\u00ebr ne<\/h1>\t\t\t\t<\/div>\n\t\t\t\t<\/div>\n\t\t\t\t<div class=\"elementor-element elementor-element-2211a43 premium-type-row elementor-widget__width-auto elementor-widget elementor-widget-premium-icon-list\" data-id=\"2211a43\" data-element_type=\"widget\" data-e-type=\"widget\" data-settings=\"{&quot;rbadges_repeater&quot;:[]}\" data-widget_type=\"premium-icon-list.default\">\n\t\t\t\t<div class=\"elementor-widget-container\">\n\t\t\t\t\t\t\t\t<ul class=\"premium-bullet-list-box\">\r\n\t\t\r\n\t\t\t<li class=\"premium-bullet-list-content elementor-repeater-item-01a2a56\">\r\n\t\t\t\t<div class=\"premium-bullet-list-text\">\r\n\t\t\t\t\t\t\t\t<div class=\"premium-bullet-list-wrapper\">\r\n\t\t\t\t\t<div class=\"premium-drawable-icon\"><svg class=\"premium-svg-nodraw e-font-icon-svg e-fas-angle-double-right\" aria-hidden=\"true\" viewbox=\"0 0 448 512\" xmlns=\"http:\/\/www.w3.org\/2000\/svg\"><path d=\"M224.3 273l-136 136c-9.4 9.4-24.6 9.4-33.9 0l-22.6-22.6c-9.4-9.4-9.4-24.6 0-33.9l96.4-96.4-96.4-96.4c-9.4-9.4-9.4-24.6 0-33.9L54.3 103c9.4-9.4 24.6-9.4 33.9 0l136 136c9.5 9.4 9.5 24.6.1 34zm192-34l-136-136c-9.4-9.4-24.6-9.4-33.9 0l-22.6 22.6c-9.4 9.4-9.4 24.6 0 33.9l96.4 96.4-96.4 96.4c-9.4 9.4-9.4 24.6 0 33.9l22.6 22.6c9.4 9.4 24.6 9.4 33.9 0l136-136c9.4-9.2 9.4-24.4 0-33.8z\"><\/path><\/svg><\/div>\t\t\t\t<\/div>\r\n\t\t\t\t\t\t\t\t<div class=\"premium-bullet-list-text-wrapper\">\r\n\t\t\t\t\t<span class=\"premium-bullet-text\" data-text=\"\u041f\u043e\u0447\u0435\u0442\u043d\u0430\"> N\u00eb sht\u00ebpi <\/span>\t\t\t\t\t\t\t\t\t<\/div>\r\n\t\t\t\t<\/div>\r\n\r\n\t\t\t\t\r\n\t\t\t\t\r\n\t\t\t<\/li>\r\n\r\n\t\t\t\t\r\n\t\t\t<li class=\"premium-bullet-list-content elementor-repeater-item-14e55fb\">\r\n\t\t\t\t<div class=\"premium-bullet-list-text\">\r\n\t\t\t\t\t\t\t\t<div class=\"premium-bullet-list-text-wrapper\">\r\n\t\t\t\t\t<span class=\"premium-bullet-text\" data-text=\"\u0417\u0430 \u043d\u0430\u0441\"> P\u00ebr ne <\/span>\t\t\t\t\t\t\t\t\t<\/div>\r\n\t\t\t\t<\/div>\r\n\r\n\t\t\t\t\r\n\t\t\t\t\t\t\t\t\t<a class=\"premium-bullet-list-link\" aria-label=\"P\u00ebr ne\" href=\"https:\/\/incontrolbn.mk\/sq\/za-nas\/\">\r\n\t\t\t\t\t\t<span>P\u00ebr ne<\/span>\r\n\t\t\t\t\t<\/a>\r\n\t\t\t\t\r\n\t\t\t<\/li>\r\n\r\n\t\t\t\t\t\t<\/ul>\r\n\t\t\t\t\t\t<\/div>\n\t\t\t\t<\/div>\n\t\t\t\t\t<\/div>\n\t\t<\/div>\n\t\t\t\t\t<\/div>\n\t\t<\/section>\n\t\t\t\t<div class=\"elementor-element elementor-element-21a533b elementor-widget__width-auto elementor-absolute elementor-hidden-tablet elementor-hidden-mobile premium-floating-effects-yes elementor-invisible elementor-widget elementor-widget-image\" data-id=\"21a533b\" data-element_type=\"widget\" data-e-type=\"widget\" data-settings=\"{&quot;_position&quot;:&quot;absolute&quot;,&quot;_animation&quot;:&quot;bounceIn&quot;,&quot;premium_fe_translate_switcher&quot;:&quot;yes&quot;,&quot;premium_fe_Xtranslate&quot;:{&quot;unit&quot;:&quot;px&quot;,&quot;size&quot;:&quot;&quot;,&quot;sizes&quot;:{&quot;from&quot;:-6,&quot;to&quot;:1}},&quot;premium_fe_Ytranslate&quot;:{&quot;unit&quot;:&quot;px&quot;,&quot;size&quot;:&quot;&quot;,&quot;sizes&quot;:{&quot;from&quot;:0,&quot;to&quot;:1}},&quot;premium_fe_trans_duration&quot;:{&quot;unit&quot;:&quot;px&quot;,&quot;size&quot;:1000,&quot;sizes&quot;:[]},&quot;premium_fe_trans_delay&quot;:{&quot;unit&quot;:&quot;px&quot;,&quot;size&quot;:&quot;&quot;,&quot;sizes&quot;:[]},&quot;premium_fe_direction&quot;:&quot;alternate&quot;,&quot;premium_fe_loop&quot;:&quot;default&quot;,&quot;premium_fe_easing&quot;:&quot;easeInOutSine&quot;}\" data-widget_type=\"image.default\">\n\t\t\t\t<div class=\"elementor-widget-container\">\n\t\t\t\t\t\t\t\t\t\t\t\t\t\t\t<img fetchpriority=\"high\" decoding=\"async\" width=\"227\" height=\"273\" src=\"https:\/\/incontrolbn.mk\/wp-content\/uploads\/2024\/02\/left-circle-hero.png\" class=\"attachment-full size-full wp-image-37\" alt=\"\" \/>\t\t\t\t\t\t\t\t\t\t\t\t\t\t\t<\/div>\n\t\t\t\t<\/div>\n\t\t\t\t<div class=\"elementor-element elementor-element-57bc54a elementor-widget__width-auto elementor-absolute premium-floating-effects-yes elementor-widget elementor-widget-image\" data-id=\"57bc54a\" data-element_type=\"widget\" data-e-type=\"widget\" data-settings=\"{&quot;_position&quot;:&quot;absolute&quot;,&quot;premium_fe_direction&quot;:&quot;alternate&quot;,&quot;premium_fe_loop&quot;:&quot;default&quot;,&quot;premium_fe_easing&quot;:&quot;easeInOutSine&quot;}\" data-widget_type=\"image.default\">\n\t\t\t\t<div class=\"elementor-widget-container\">\n\t\t\t\t\t\t\t\t\t\t\t\t\t\t\t<img loading=\"lazy\" decoding=\"async\" width=\"1148\" height=\"514\" src=\"https:\/\/incontrolbn.mk\/wp-content\/uploads\/2024\/02\/sub-banner-dot-vector.png\" class=\"attachment-full size-full wp-image-75\" alt=\"\" srcset=\"https:\/\/incontrolbn.mk\/wp-content\/uploads\/2024\/02\/sub-banner-dot-vector.png 1148w, https:\/\/incontrolbn.mk\/wp-content\/uploads\/2024\/02\/sub-banner-dot-vector-300x134.png 300w, https:\/\/incontrolbn.mk\/wp-content\/uploads\/2024\/02\/sub-banner-dot-vector-1024x458.png 1024w, https:\/\/incontrolbn.mk\/wp-content\/uploads\/2024\/02\/sub-banner-dot-vector-768x344.png 768w\" sizes=\"(max-width: 1148px) 100vw, 1148px\" \/>\t\t\t\t\t\t\t\t\t\t\t\t\t\t\t<\/div>\n\t\t\t\t<\/div>\n\t\t\t\t\t<\/div>\n\t\t<\/div>\n\t\t\t\t\t<\/div>\n\t\t<\/section>\n\t\t<div class=\"elementor-element elementor-element-dc52f73 e-flex e-con-boxed e-con e-parent\" data-id=\"dc52f73\" data-element_type=\"container\" data-e-type=\"container\">\n\t\t\t\t\t<div class=\"e-con-inner\">\n\t\t<div class=\"elementor-element elementor-element-7b6e59b e-con-full e-flex e-con e-child\" data-id=\"7b6e59b\" data-element_type=\"container\" data-e-type=\"container\">\n\t\t\t\t<div class=\"elementor-element elementor-element-7a796f9 elementor-widget elementor-widget-text-editor\" data-id=\"7a796f9\" data-element_type=\"widget\" data-e-type=\"widget\" data-widget_type=\"text-editor.default\">\n\t\t\t\t<div class=\"elementor-widget-container\">\n\t\t\t\t\t\t\t\t\t<p>Ne jemi t\u00eb angazhuar p\u00ebr cil\u00ebsin\u00eb dhe besueshm\u00ebrin\u00eb e sh\u00ebrbimeve dhe produkteve tona.\n\nKompania IN CONTROL BN daton q\u00eb nga viti 2011 me iden\u00eb kryesore p\u00ebr t\u00eb qen\u00eb zgjidhja e problemeve t\u00eb t\u00eb gjith\u00eb klient\u00ebve tan\u00eb. Kjo kompani \u00ebsht\u00eb plot\u00ebsisht e angazhuar n\u00eb furnizimin e klient\u00ebve me pajisje elektrike t\u00eb p\u00ebrshtatshme, instalimin e pajisjeve ekzistuese, servisin dhe testimin e tyre.<\/p><p>Q\u00ebllimi kryesor i IN CONTROL BN \u00ebsht\u00eb q\u00eb klient\u00ebt n\u00eb \u00e7do moment t\u00eb marrin pajisjet q\u00eb u nevojiten p\u00ebr sistemin e tyre t\u00eb jet\u00eb tekniko-ekonomikisht optimal.<\/p><p>Pas ekipit t\u00eb IN CONTROL BN q\u00ebndrojn\u00eb m\u00eb shum\u00eb se 70 inxhinier\u00eb n\u00eb fushat e energjetik\u00ebs, mekanik\u00ebs, nd\u00ebrtimtaris\u00eb dhe industris\u00eb kimike.<\/p><p>ZGJIDHJA E PROBLEMEVE T\u00cb KLIENT\u00cbVE TAN\u00cb \u00cbSHT\u00cb K\u00cbNAQ\u00cbSIA JON\u00cb<\/p>\t\t\t\t\t\t\t\t<\/div>\n\t\t\t\t<\/div>\n\t\t\t\t<\/div>\n\t\t<div class=\"elementor-element elementor-element-cc9134d e-con-full e-flex e-con e-child\" data-id=\"cc9134d\" data-element_type=\"container\" data-e-type=\"container\">\n\t\t\t\t<div class=\"elementor-element elementor-element-d5d2d2c elementor-widget elementor-widget-image\" data-id=\"d5d2d2c\" data-element_type=\"widget\" data-e-type=\"widget\" data-widget_type=\"image.default\">\n\t\t\t\t<div class=\"elementor-widget-container\">\n\t\t\t\t\t\t\t\t\t\t\t\t\t\t\t<img loading=\"lazy\" decoding=\"async\" width=\"800\" height=\"667\" src=\"https:\/\/incontrolbn.mk\/wp-content\/uploads\/2024\/02\/services-1.png\" class=\"attachment-large size-large wp-image-322\" alt=\"\" srcset=\"https:\/\/incontrolbn.mk\/wp-content\/uploads\/2024\/02\/services-1.png 800w, https:\/\/incontrolbn.mk\/wp-content\/uploads\/2024\/02\/services-1-300x250.png 300w, https:\/\/incontrolbn.mk\/wp-content\/uploads\/2024\/02\/services-1-768x640.png 768w\" sizes=\"(max-width: 800px) 100vw, 800px\" \/>\t\t\t\t\t\t\t\t\t\t\t\t\t\t\t<\/div>\n\t\t\t\t<\/div>\n\t\t\t\t<\/div>\n\t\t\t\t\t<\/div>\n\t\t\t\t<\/div>\n\t\t<div class=\"elementor-element elementor-element-da642e1 e-flex e-con-boxed e-con e-parent\" data-id=\"da642e1\" data-element_type=\"container\" data-e-type=\"container\">\n\t\t\t\t\t<div class=\"e-con-inner\">\n\t\t\t\t<div class=\"elementor-element elementor-element-e03d6a3 elementor-widget elementor-widget-heading\" data-id=\"e03d6a3\" data-element_type=\"widget\" data-e-type=\"widget\" data-widget_type=\"heading.default\">\n\t\t\t\t<div class=\"elementor-widget-container\">\n\t\t\t\t\t<h2 class=\"elementor-heading-title elementor-size-default\">ZGJIDHJE P\u00cbR PROBLEMET E PRODUKTEVE TONA, \u00cbSHT\u00cb K\u00cbNAQ\u00cbSI TON\u00cb<\/h2>\t\t\t\t<\/div>\n\t\t\t\t<\/div>\n\t\t\t\t\t<\/div>\n\t\t\t\t<\/div>\n\t\t\t\t<\/div>","protected":false},"excerpt":{"rendered":"<p>\u041f\u043e\u0447\u0435\u0442\u043d\u0430 \u0417\u0430 \u043d\u0430\u0441 \u0417\u0430 \u043d\u0430\u0441 \u0424\u0438\u0440\u043c\u0430\u0442\u0430 IN CONTROL BN \u0434\u0430\u0442\u0438\u0440\u0430 \u043e\u0434 2011 \u0433\u043e\u0434\u0438\u043d\u0430 \u0441\u043e \u0433\u043b\u0430\u0432\u043d\u0430 \u0438\u0434\u0435\u0458\u0430 \u0434\u0430 \u0431\u0438\u0434\u0435 \u0440\u0435\u0448\u0435\u043d\u0438\u0435\u0442\u043e \u043d\u0430 \u043f\u0440\u043e\u0431\u043b\u0435\u043c\u0438\u0442\u0435 \u043d\u0430 \u0441\u0438\u0442\u0435 \u043d\u0430\u0448\u0438 \u043a\u043b\u0438\u0435\u043d\u0442\u0438. \u041e\u0432\u0430\u0430 \u0444\u0438\u0440\u043c\u0430 \u0446\u0435\u043b\u043e\u0441\u043d\u043e \u0435 \u043d\u0430\u0432\u043b\u0435\u0437\u0435\u043d\u0430 \u043a\u043e\u043d \u0441\u043d\u0430\u0431\u0434\u0443\u0432\u0430\u045a\u0435\u0442\u043e \u043d\u0430 \u043a\u043b\u0438\u0435\u043d\u0442\u0438\u0442\u0435 \u0441\u043e \u0441\u043e\u043e\u0434\u0432\u0435\u0442\u043d\u0430 \u0435\u043b\u0435\u043a\u0442\u0440\u0438\u0447\u043d\u0430 \u043e\u043f\u0440\u0435\u043c\u0430, \u0438\u043d\u0441\u0442\u0430\u043b\u0430\u0446\u0438\u0458\u0430 \u043d\u0430 \u043f\u043e\u0441\u0442\u043e\u0458\u043d\u0430\u0442\u0430 \u043e\u043f\u0440\u0435\u043c\u0430, \u0441\u0435\u0440\u0432\u0438\u0441 \u0438 \u0438\u0441\u043f\u0438\u0442\u0443\u0432\u0430\u045a\u0435 \u043d\u0430 \u0438\u0441\u0442\u0430\u0442\u0430. \u0413\u043b\u0430\u0432\u043d\u0430\u0442\u0430 \u0446\u0435\u043b \u043d\u0430 IN CONTROL BN \u00a0e \u043a\u043b\u0438\u0435\u043d\u0442\u0438\u0442\u0435 [&hellip;]<\/p>","protected":false},"author":1,"featured_media":1210,"parent":0,"menu_order":0,"comment_status":"closed","ping_status":"closed","template":"elementor_header_footer","meta":{"footnotes":""},"class_list":["post-266","page","type-page","status-publish","has-post-thumbnail","hentry"],"_links":{"self":[{"href":"https:\/\/incontrolbn.mk\/sq\/wp-json\/wp\/v2\/pages\/266","targetHints":{"allow":["GET"]}}],"collection":[{"href":"https:\/\/incontrolbn.mk\/sq\/wp-json\/wp\/v2\/pages"}],"about":[{"href":"https:\/\/incontrolbn.mk\/sq\/wp-json\/wp\/v2\/types\/page"}],"author":[{"embeddable":true,"href":"https:\/\/incontrolbn.mk\/sq\/wp-json\/wp\/v2\/users\/1"}],"replies":[{"embeddable":true,"href":"https:\/\/incontrolbn.mk\/sq\/wp-json\/wp\/v2\/comments?post=266"}],"version-history":[{"count":0,"href":"https:\/\/incontrolbn.mk\/sq\/wp-json\/wp\/v2\/pages\/266\/revisions"}],"wp:featuredmedia":[{"embeddable":true,"href":"https:\/\/incontrolbn.mk\/sq\/wp-json\/wp\/v2\/media\/1210"}],"wp:attachment":[{"href":"https:\/\/incontrolbn.mk\/sq\/wp-json\/wp\/v2\/media?parent=266"}],"curies":[{"name":"wp","href":"https:\/\/api.w.org\/{rel}","templated":true}]}}